{"id":6298,"date":"2018-08-02T17:26:31","date_gmt":"2018-08-02T15:26:31","guid":{"rendered":"http:\/\/cms.kipnis-immobilien.de\/?page_id=6298"},"modified":"2023-02-08T17:17:37","modified_gmt":"2023-02-08T16:17:37","slug":"architektur","status":"publish","type":"page","link":"https:\/\/www.kipnis-immobilien.de\/ru\/architektur\/","title":{"rendered":"A\u0440\u0445\u0438\u0442\u0435\u043a\u0442\u0443\u0440\u0430"},"content":{"rendered":"<section class=\"l-section wpb_row height_auto width_full\"><div class=\"l-section-h i-cf\"><div class=\"g-cols vc_row via_flex valign_top type_default stacking_default\"><div class=\"vc_col-sm-12 wpb_column vc_column_container\"><div class=\"vc_column-inner\"><div class=\"wpb_wrapper\">[rev_slider_vc alias=&#8221;kipnis-architektur-ru&#8221;]<\/div><\/div><\/div><\/div><\/div><\/section><section class=\"l-section wpb_row height_medium\"><div class=\"l-section-h i-cf\"><div class=\"g-cols vc_row via_flex valign_top type_default stacking_default\"><div class=\"vc_col-sm-12 wpb_column vc_column_container\"><div class=\"vc_column-inner\"><div class=\"wpb_wrapper\"><div class=\"wpb_text_column\"><div class=\"wpb_wrapper\"><h2>\u0410\u0440\u0445\u0438\u0442\u0435\u043a\u0442\u0443\u0440\u0430 \u00b7 \u0441\u0442\u0438\u043b\u044c \u0438 \u043a\u0430\u0447\u0435\u0441\u0442\u0432\u043e<\/h2>\n<\/div><\/div><div class=\"wpb_text_column\"><div class=\"wpb_wrapper\"><p>\u041c\u044b \u0440\u0430\u0441\u0441\u043c\u0430\u0442\u0440\u0438\u0432\u0430\u0435\u043c \u0441\u0435\u0431\u044f \u043a\u0430\u043a \u0432\u0441\u0435\u043e\u0431\u044a\u0435\u043c\u043b\u044e\u0449\u0435\u0433\u043e \u043f\u043e\u0441\u0442\u0430\u0432\u0449\u0438\u043a\u0430 \u0443\u0441\u043b\u0443\u0433 \u0432 \u043e\u0431\u043b\u0430\u0441\u0442\u0438 \u0430\u0440\u0445\u0438\u0442\u0435\u043a\u0442\u0443\u0440\u044b. \u0423 \u043d\u0430\u0441 \u0435\u0441\u0442\u044c \u043f\u0440\u043e\u0444\u0435\u0441\u0441\u0438\u043e\u043d\u0430\u043b\u044c\u043d\u044b\u0435 \u0438 \u0438\u043d\u043d\u043e\u0432\u0430\u0446\u0438\u043e\u043d\u043d\u044b\u0435 \u0440\u0435\u0448\u0435\u043d\u0438\u044f \u0434\u043b\u044f \u0412\u0430\u0448\u0438\u0445 \u043f\u043e\u0436\u0435\u043b\u0430\u043d\u0438\u0439 \u0438 \u0438\u0434\u0435\u0439. \u041d\u0430\u0448 \u043f\u043e\u0440\u0442\u0444\u0435\u043b\u044c \u0443\u0441\u043b\u0443\u0433 \u0432\u0430\u0440\u044c\u0438\u0440\u0443\u0435\u0442 \u043e\u0442 \u043f\u043b\u0430\u043d\u0438\u0440\u043e\u0432\u0430\u043d\u0438\u044f \u0438 \u0438\u0441\u043f\u043e\u043b\u043d\u0435\u043d\u0438\u044f \u0434\u043e \u043f\u0435\u0440\u0435\u0434\u0430\u0447\u0438 \u043a\u043b\u044e\u0447\u0435\u0439. \u0412 \u0447\u0438\u0441\u043b\u0435 \u043d\u0430\u0448\u0438\u0445 \u043e\u0441\u043d\u043e\u0432\u043d\u044b\u0445 \u043a\u043e\u043c\u043f\u0435\u0442\u0435\u043d\u0446\u0438\u0439 &#8211; \u043a\u0430\u043a \u0438\u043d\u0434\u0438\u0432\u0438\u0434\u0443\u0430\u043b\u044c\u043d\u044b\u0435 \u043f\u0440\u043e\u0435\u043a\u0442\u044b \u043d\u043e\u0432\u043e\u0439 \u043f\u043e\u0441\u0442\u0440\u043e\u0439\u043a\u0438, \u0442\u0430\u043a \u0438 \u0441\u043b\u043e\u0436\u043d\u044b\u0435 \u043c\u043e\u0434\u0435\u0440\u043d\u0438\u0437\u0430\u0446\u0438\u0438 \u0437\u0434\u0430\u043d\u0438\u0439.<\/p>\n<p>\u0420\u0430\u0437\u0443\u043c\u0435\u0435\u0442\u0441\u044f, \u043c\u044b \u0431\u0435\u0440\u0435\u043c \u043d\u0430 \u0441\u0435\u0431\u044f \u0432\u0441\u0435 \u0430\u0434\u043c\u0438\u043d\u0438\u0441\u0442\u0440\u0430\u0442\u0438\u0432\u043d\u044b\u0435 \u043f\u0440\u043e\u0446\u0435\u0434\u0443\u0440\u044b, \u0437\u0430\u044f\u0432\u043a\u0438 \u043d\u0430 \u0441\u0442\u0440\u043e\u0438\u0442\u0435\u043b\u044c\u0441\u0442\u0432\u043e, \u0441\u043e\u0433\u043b\u0430\u0441\u043e\u0432\u0430\u043d\u0438\u044f \u0441 \u0433\u043e\u0441\u0443\u0434\u0430\u0440\u0441\u0442\u0432\u0435\u043d\u043d\u044b\u043c\u0438 \u043e\u0440\u0433\u0430\u043d\u0430\u043c\u0438 \u0438 \u043f\u043e\u0434\u0431\u043e\u0440 \u043f\u043e\u0434\u0440\u044f\u0434\u0447\u0438\u043a\u043e\u0432. \u041d\u0430\u0448\u0430 \u0446\u0435\u043b\u044c &#8211; \u0433\u0430\u0440\u0430\u043d\u0442\u0438\u0440\u043e\u0432\u0430\u0442\u044c \u043e\u043f\u0442\u0438\u043c\u0430\u043b\u044c\u043d\u044b\u0435 \u0430\u0440\u0445\u0438\u0442\u0435\u043a\u0442\u0443\u0440\u043d\u044b\u0435 \u0440\u0435\u0448\u0435\u043d\u0438\u044f \u0438 \u0432\u044b\u0441\u043e\u043a\u043e\u043f\u0440\u043e\u0444\u0435\u0441\u0441\u0438\u043e\u043d\u0430\u043b\u044c\u043d\u043e\u0435 \u0441\u0442\u0440\u043e\u0438\u0442\u0435\u043b\u044c\u0441\u0442\u0432\u043e.<\/p>\n<p>\u041a\u0430\u043a\u0430\u044f \u0431\u044b \u043d\u0438 \u0431\u044b\u043b\u0430 \u0437\u0430\u0434\u0430\u0447\u0430, \u0441 \u043a\u043e\u0442\u043e\u0440\u043e\u0439 \u043a\u043b\u0438\u0435\u043d\u0442 \u043e\u0431\u0440\u0430\u0449\u0430\u0435\u0442\u0441\u044f \u043a \u043d\u0430\u043c, \u0432 \u043d\u0430\u0448\u0435\u043c \u043b\u0438\u0446\u0435 \u043e\u043d \u043d\u0430\u0445\u043e\u0434\u0438\u0442 \u0438\u0434\u0435\u0430\u043b\u044c\u043d\u043e\u0433\u043e \u043f\u0430\u0440\u0442\u043d\u0435\u0440\u0430, \u043a\u043e\u0442\u043e\u0440\u044b\u0439 \u043f\u0440\u0435\u0434\u043e\u0441\u0442\u0430\u0432\u043b\u044f\u0435\u0442 \u0435\u043c\u0443\u00a0\u0432\u0441\u0435 \u043d\u0435\u043e\u0431\u0445\u043e\u0434\u0438\u043c\u044b\u0435 \u0443\u0441\u043b\u0443\u0433\u0438. \u041f\u043e\u0442\u043e\u043c\u0443 \u0447\u0442\u043e \u043d\u0430\u0448 \u043f\u0440\u0438\u043d\u0446\u0438\u043f \u043f\u0440\u043e\u0441\u0442: \u043a\u0430\u0436\u0434\u044b\u0439 \u0434\u0435\u043b\u0430\u0435\u0442 \u0442\u043e, \u0432 \u0447\u0435\u043c \u0443 \u043d\u0435\u0433\u043e \u0441\u0430\u043c\u044b\u0439 \u0432\u044b\u0441\u043e\u043a\u0438\u0439 \u0443\u0440\u043e\u0432\u0435\u043d\u044c \u043a\u043e\u043c\u043f\u0435\u0442\u0435\u043d\u0446\u0438\u0438.<\/p>\n<\/div><\/div><\/div><\/div><\/div><\/div><\/div><\/section>\n","protected":false},"excerpt":{"rendered":"{:de}[rev_slider_vc alias=\"kipnis-architektur\"]Architektur \u00b7 Stil und Qualit\u00e4t Wir verstehen uns als umfassenden Dienstleister f\u00fcr Architektur. F\u00fcr Ihre W\u00fcnsche und Vorstellungen haben wir fachgerechte und innovative L\u00f6sungen. Dabei erstreckt sich unser Leistungsportfolio von der Planung \u00fcber die Ausf\u00fchrung bis zur Schl\u00fcssel\u00fcbergabe. Sowohl individuelle Neubauprojekte als auch anspruchsvolle Altbausanierungen geh\u00f6ren zu unseren Kernkompetenzen. Selbstverst\u00e4ndlich \u00fcbernehmen wir s\u00e4mtliche Beh\u00f6rdeng\u00e4nge,...","protected":false},"author":2,"featured_media":0,"parent":0,"menu_order":0,"comment_status":"closed","ping_status":"closed","template":"","meta":{"footnotes":""},"class_list":["post-6298","page","type-page","status-publish","hentry"],"translation":{"provider":"WPGlobus","version":"3.0.2","language":"ru","enabled_languages":["de","en","ru"],"languages":{"de":{"title":true,"content":true,"excerpt":false},"en":{"title":true,"content":true,"excerpt":false},"ru":{"title":true,"content":true,"excerpt":false}}},"yoast_head":"<!-- This site is optimized with the Yoast SEO plugin v27.4 - https:\/\/yoast.com\/product\/yoast-seo-wordpress\/ -->\n<title>A\u0440\u0445\u0438\u0442\u0435\u043a\u0442\u0443\u0440\u0430 - Kipnis Immobilien \u00b7 Architektur<\/title>\n<meta name=\"robots\" content=\"index, follow, max-snippet:-1, max-image-preview:large, max-video-preview:-1\" \/>\n<link rel=\"canonical\" href=\"https:\/\/www.kipnis-immobilien.de\/architektur\/\" \/>\n<meta name=\"twitter:card\" content=\"summary_large_image\" \/>\n<meta name=\"twitter:title\" content=\"A\u0440\u0445\u0438\u0442\u0435\u043a\u0442\u0443\u0440\u0430 - Kipnis Immobilien \u00b7 Architektur\" \/>\n<meta name=\"twitter:label1\" content=\"Est. reading time\" \/>\n\t<meta name=\"twitter:data1\" content=\"1 minute\" \/>\n<script type=\"application\/ld+json\" class=\"yoast-schema-graph\">{\"@context\":\"https:\\\/\\\/schema.org\",\"@graph\":[{\"@type\":\"WebPage\",\"@id\":\"https:\\\/\\\/www.kipnis-immobilien.de\\\/architektur\\\/\",\"url\":\"https:\\\/\\\/www.kipnis-immobilien.de\\\/architektur\\\/\",\"name\":\"A\u0440\u0445\u0438\u0442\u0435\u043a\u0442\u0443\u0440\u0430 - Kipnis Immobilien \u00b7 Architektur\",\"isPartOf\":{\"@id\":\"https:\\\/\\\/www.kipnis-immobilien.de\\\/#website\"},\"datePublished\":\"2018-08-02T15:26:31+00:00\",\"dateModified\":\"2023-02-08T16:17:37+00:00\",\"breadcrumb\":{\"@id\":\"https:\\\/\\\/www.kipnis-immobilien.de\\\/architektur\\\/#breadcrumb\"},\"inLanguage\":\"ru-RU\",\"potentialAction\":[{\"@type\":\"ReadAction\",\"target\":[\"https:\\\/\\\/www.kipnis-immobilien.de\\\/architektur\\\/\"]}]},{\"@type\":\"BreadcrumbList\",\"@id\":\"https:\\\/\\\/www.kipnis-immobilien.de\\\/architektur\\\/#breadcrumb\",\"itemListElement\":[{\"@type\":\"ListItem\",\"position\":1,\"name\":\"Startseite\",\"item\":\"https:\\\/\\\/www.kipnis-immobilien.de\\\/\"},{\"@type\":\"ListItem\",\"position\":2,\"name\":\"Architektur\"}]},{\"@type\":\"WebSite\",\"@id\":\"https:\\\/\\\/www.kipnis-immobilien.de\\\/#website\",\"url\":\"https:\\\/\\\/www.kipnis-immobilien.de\\\/\",\"name\":\"Kipnis Immobilien \u00b7 Architektur\",\"description\":\"\",\"potentialAction\":[{\"@type\":\"SearchAction\",\"target\":{\"@type\":\"EntryPoint\",\"urlTemplate\":\"https:\\\/\\\/www.kipnis-immobilien.de\\\/?s={search_term_string}\"},\"query-input\":{\"@type\":\"PropertyValueSpecification\",\"valueRequired\":true,\"valueName\":\"search_term_string\"}}],\"inLanguage\":\"ru-RU\"}]}<\/script>\n<!-- \/ Yoast SEO plugin. -->","yoast_head_json":{"title":"A\u0440\u0445\u0438\u0442\u0435\u043a\u0442\u0443\u0440\u0430 - Kipnis Immobilien \u00b7 Architektur","robots":{"index":"index","follow":"follow","max-snippet":"max-snippet:-1","max-image-preview":"max-image-preview:large","max-video-preview":"max-video-preview:-1"},"canonical":"https:\/\/www.kipnis-immobilien.de\/architektur\/","twitter_card":"summary_large_image","twitter_title":"A\u0440\u0445\u0438\u0442\u0435\u043a\u0442\u0443\u0440\u0430 - Kipnis Immobilien \u00b7 Architektur","twitter_misc":{"Est. reading time":"1 minute"},"schema":{"@context":"https:\/\/schema.org","@graph":[{"@type":"WebPage","@id":"https:\/\/www.kipnis-immobilien.de\/architektur\/","url":"https:\/\/www.kipnis-immobilien.de\/architektur\/","name":"A\u0440\u0445\u0438\u0442\u0435\u043a\u0442\u0443\u0440\u0430 - Kipnis Immobilien \u00b7 Architektur","isPartOf":{"@id":"https:\/\/www.kipnis-immobilien.de\/#website"},"datePublished":"2018-08-02T15:26:31+00:00","dateModified":"2023-02-08T16:17:37+00:00","breadcrumb":{"@id":"https:\/\/www.kipnis-immobilien.de\/architektur\/#breadcrumb"},"inLanguage":"ru-RU","potentialAction":[{"@type":"ReadAction","target":["https:\/\/www.kipnis-immobilien.de\/architektur\/"]}]},{"@type":"BreadcrumbList","@id":"https:\/\/www.kipnis-immobilien.de\/architektur\/#breadcrumb","itemListElement":[{"@type":"ListItem","position":1,"name":"Startseite","item":"https:\/\/www.kipnis-immobilien.de\/"},{"@type":"ListItem","position":2,"name":"Architektur"}]},{"@type":"WebSite","@id":"https:\/\/www.kipnis-immobilien.de\/#website","url":"https:\/\/www.kipnis-immobilien.de\/","name":"Kipnis Immobilien \u00b7 Architektur","description":"","potentialAction":[{"@type":"SearchAction","target":{"@type":"EntryPoint","urlTemplate":"https:\/\/www.kipnis-immobilien.de\/?s={search_term_string}"},"query-input":{"@type":"PropertyValueSpecification","valueRequired":true,"valueName":"search_term_string"}}],"inLanguage":"ru-RU"}]}},"_links":{"self":[{"href":"https:\/\/www.kipnis-immobilien.de\/ru\/wp-json\/wp\/v2\/pages\/6298","targetHints":{"allow":["GET"]}}],"collection":[{"href":"https:\/\/www.kipnis-immobilien.de\/ru\/wp-json\/wp\/v2\/pages"}],"about":[{"href":"https:\/\/www.kipnis-immobilien.de\/ru\/wp-json\/wp\/v2\/types\/page"}],"author":[{"embeddable":true,"href":"https:\/\/www.kipnis-immobilien.de\/ru\/wp-json\/wp\/v2\/users\/2"}],"replies":[{"embeddable":true,"href":"https:\/\/www.kipnis-immobilien.de\/ru\/wp-json\/wp\/v2\/comments?post=6298"}],"version-history":[{"count":24,"href":"https:\/\/www.kipnis-immobilien.de\/ru\/wp-json\/wp\/v2\/pages\/6298\/revisions"}],"predecessor-version":[{"id":7243,"href":"https:\/\/www.kipnis-immobilien.de\/ru\/wp-json\/wp\/v2\/pages\/6298\/revisions\/7243"}],"wp:attachment":[{"href":"https:\/\/www.kipnis-immobilien.de\/ru\/wp-json\/wp\/v2\/media?parent=6298"}],"curies":[{"name":"wp","href":"https:\/\/api.w.org\/{rel}","templated":true}]}}