{"id":6268,"date":"2018-08-02T16:02:12","date_gmt":"2018-08-02T14:02:12","guid":{"rendered":"http:\/\/cms.kipnis-immobilien.de\/?page_id=6268"},"modified":"2023-02-09T10:33:17","modified_gmt":"2023-02-09T09:33:17","slug":"kipnis-home","status":"publish","type":"page","link":"https:\/\/www.kipnis-immobilien.de\/ru\/","title":{"rendered":"\u0413\u043b\u0430\u0432\u043d\u0430\u044f"},"content":{"rendered":"<section class=\"l-section wpb_row height_auto width_full\"><div class=\"l-section-h i-cf\"><div class=\"g-cols vc_row via_flex valign_top type_default stacking_default\"><div class=\"vc_col-sm-12 wpb_column vc_column_container\"><div class=\"vc_column-inner\"><div class=\"wpb_wrapper\">[rev_slider_vc alias=&#8221;kipnis-home-ru&#8221;]<\/div><\/div><\/div><\/div><\/div><\/section><section class=\"l-section wpb_row height_medium\"><div class=\"l-section-h i-cf\"><div class=\"g-cols vc_row via_flex valign_top type_default stacking_default\"><div class=\"vc_col-sm-12 wpb_column vc_column_container\"><div class=\"vc_column-inner\"><div class=\"wpb_wrapper\"><div class=\"wpb_text_column\"><div class=\"wpb_wrapper\"><h1>\u0410\u0440\u0445\u0438\u0442\u0435\u043a\u0442\u0443\u0440\u0430 \u0438 \u041d\u0435\u0434\u0432\u0438\u0436\u0438\u043c\u043e\u0441\u0442\u044c<\/h1>\n<\/div><\/div><div class=\"wpb_text_column\"><div class=\"wpb_wrapper\"><p>\u041a\u0438\u043f\u043d\u0438\u0441 \u0410\u0440\u0445\u0438\u0442\u0435\u043a\u0442\u0443\u0440\u0430 &amp; \u041d\u0435\u0434\u0432\u0438\u0436\u0438\u043c\u043e\u0441\u0442\u044c &#8211; \u044d\u0442\u043e \u043d\u0435\u0447\u0442\u043e \u0431\u043e\u043b\u044c\u0448\u0435\u0435, \u0447\u0435\u043c \u0447\u0438\u0441\u0442\u043e\u0435 \u0430\u0440\u0445\u0438\u0442\u0435\u043a\u0442\u0443\u0440\u043d\u043e\u0435 \u0431\u044e\u0440\u043e.<\/p>\n<p>\u0421 \u043e\u0434\u043d\u043e\u0439 \u0441\u0442\u043e\u0440\u043e\u043d\u044b, \u0412\u044b, \u0435\u0441\u0442\u0435\u0441\u0442\u0432\u0435\u043d\u043d\u043e, \u043f\u043e\u043b\u0443\u0447\u0430\u0435\u0442\u0435 \u0432\u0441\u0435 \u0443\u0441\u043b\u0443\u0433\u0438 \u0430\u0440\u0445\u0438\u0442\u0435\u043a\u0442\u043e\u0440\u0430. \u0421 \u0434\u0440\u0443\u0433\u043e\u0439 \u0441\u0442\u043e\u0440\u043e\u043d\u044b, \u043c\u044b \u0442\u0430\u043a\u0436\u0435 \u044f\u0432\u043b\u044f\u0435\u043c\u0441\u044f \u0412\u0430\u0448\u0438\u043c \u043f\u0430\u0440\u0442\u043d\u0435\u0440\u043e\u043c, \u043a\u043e\u0433\u0434\u0430 \u0434\u0435\u043b\u043e \u0434\u043e\u0445\u043e\u0434\u0438\u0442 \u0434\u043e \u043f\u043e\u0438\u0441\u043a\u0430 \u0437\u0435\u043c\u0435\u043b\u044c\u043d\u044b\u0445 \u0443\u0447\u0430\u0441\u0442\u043a\u043e\u0432 \u0438\u043b\u0438 \u0434\u0440\u0443\u0433\u0438\u0445 \u043e\u0431\u044a\u0435\u043a\u0442\u043e\u0432 \u043d\u0435\u0434\u0432\u0438\u0436\u0438\u043c\u043e\u0441\u0442\u0438. \u041f\u043e\u043c\u0438\u043c\u043e \u044d\u0442\u043e\u0433\u043e, \u043c\u044b \u043f\u043e\u0434\u0434\u0435\u0440\u0436\u0438\u0432\u0430\u0435\u043d \u0412\u0430\u0441, \u043d\u0435\u0437\u0430\u0432\u0438\u0441\u0438\u043c\u043e \u043e\u0442 \u0442\u043e\u0433\u043e, \u044f\u0432\u043b\u044f\u0435\u0442\u0435\u0441\u044c \u043b\u0438 \u0432\u044b \u0437\u0430\u0441\u0442\u0440\u043e\u0439\u0449\u0438\u043a\u043e\u043c, \u0438\u043d\u0432\u0435\u0441\u0442\u043e\u0440\u043e\u043c \u0438\u043b\u0438 \u043f\u043e\u043a\u0443\u043f\u0430\u0442\u0435\u043b\u0435\u043c \u0432\u043e \u0432\u0441\u0435\u0445 \u043d\u0435\u043e\u0431\u0445\u043e\u0434\u0438\u043c\u044b\u0445 \u0430\u0434\u043c\u0438\u043d\u0438\u0441\u0442\u0440\u0430\u0442\u0438\u0432\u043d\u044b\u0445 \u043f\u0440\u043e\u0446\u0435\u0434\u0443\u0440\u0430\u0445 \u0438 \u0444\u043e\u0440\u043c\u0430\u043b\u044c\u043d\u043e\u0441\u0442\u044f\u0445.<\/p>\n<p>\u0414\u043b\u044f \u0437\u0430\u0441\u0442\u0440\u043e\u0439\u0449\u0438\u043a\u043e\u0432 \u0438 \u043a\u043b\u0438\u0435\u043d\u0442\u043e\u0432 \u043c\u044b \u0442\u0430\u043a\u0436\u0435 \u043e\u043a\u0430\u0437\u044b\u0432\u0430\u0435\u043c \u043c\u043d\u043e\u0433\u043e\u044f\u0437\u044b\u0447\u043d\u0443\u044e \u043f\u043e\u0434\u0434\u0435\u0440\u0436\u043a\u0443.<br \/>\n\u0421\u0432\u044f\u0436\u0438\u0442\u0435\u0441\u044c \u0441 \u043d\u0430\u043c\u0438.<\/p>\n<h2>\u0411\u043e\u043b\u0435\u0435 20 \u043b\u0435\u0442 \u043e\u043f\u044b\u0442\u0430<\/h2>\n<p>\u0410\u043b\u043b\u0430 \u041a\u0438\u043f\u043d\u0438\u0441 \u0440\u0430\u0431\u043e\u0442\u0430\u0435\u0442 \u0430\u0440\u0445\u0438\u0442\u0435\u043a\u0442\u043e\u0440\u043e\u043c \u0431\u043e\u043b\u0435\u0435 20 \u043b\u0435\u0442. \u0417\u0430 \u044d\u0442\u043e \u0432\u0440\u0435\u043c\u044f \u0431\u044b\u043b\u043e \u0437\u0430\u043f\u043b\u0430\u043d\u0438\u0440\u043e\u0432\u0430\u043d\u043e \u0438 \u043f\u043e\u0441\u0442\u0440\u043e\u0435\u043d\u043e \u043c\u043d\u043e\u0436\u0435\u0441\u0442\u0432\u043e \u0441\u0442\u0440\u043e\u0438\u0442\u0435\u043b\u044c\u043d\u044b\u0445 \u043f\u0440\u043e\u0435\u043a\u0442\u043e\u0432.<\/p>\n<p>\u041d\u0430\u0438\u0431\u043e\u043b\u0435\u0435 \u0440\u0430\u0441\u043f\u0440\u043e\u0441\u0442\u0440\u0430\u043d\u0435\u043d\u043d\u044b\u043c\u0438 \u0438\u0437 \u043d\u0438\u0445 \u044f\u0432\u043b\u044f\u044e\u0442\u0441\u044f \u0434\u043e\u043c\u0430 \u0434\u043b\u044f \u043e\u0434\u043d\u043e\u0439- \u0438 \u0434\u0432\u0443\u0445 \u0441\u0435\u043c\u0435\u0439, \u043c\u043d\u043e\u0433\u043e\u043a\u0432\u0430\u0440\u0442\u0438\u0440\u043d\u044b\u0435 \u0434\u043e\u043c\u0430, \u0432\u0438\u043b\u043b\u044b, \u0430 \u0442\u0430\u043a\u0436\u0435 \u0440\u0435\u043a\u043e\u043d\u0441\u0442\u0440\u0443\u043a\u0446\u0438\u044f \u0441\u0442\u0430\u0440\u044b\u0445 \u0437\u0434\u0430\u043d\u0438\u044f \u0441 \u043d\u0430\u0434\u0441\u0442\u0440\u043e\u0439\u043a\u043e\u0439 \u043c\u0430\u043d\u0441\u0430\u0440\u0434\u044b. \u0412 \u0434\u043e\u043f\u043e\u043b\u043d\u0435\u043d\u0438\u0435 \u043a \u043f\u0440\u043e\u0435\u043a\u0442\u0430\u043c \u0436\u0438\u043b\u044b\u0445 \u0437\u0434\u0430\u043d\u0438\u0439, \u043f\u0440\u043e\u0435\u043a\u0442\u0438\u0440\u043e\u0432\u0430\u043d\u0438\u0435 \u043a\u043e\u043c\u043c\u0435\u0440\u0447\u0435\u0441\u043a\u0438\u0445 \u0437\u0434\u0430\u043d\u0438\u0439, \u043a\u0430\u043a \u043d\u0430\u043f\u0440\u0438\u043c\u0435\u0440 \u0433\u043e\u0441\u0442\u0438\u043d\u0438\u0446, \u0442\u0430\u043a\u0436\u0435 \u044f\u0432\u043b\u044f\u044e\u0442\u0441\u044f \u0447\u0430\u0441\u0442\u044c\u044e \u043e\u0431\u044b\u0447\u043d\u044b\u0445 \u0437\u0430\u0434\u0430\u0447. \u0411\u043e\u043b\u044c\u0448\u0438\u043d\u0441\u0442\u0432\u043e \u043f\u0440\u043e\u0435\u043a\u0442\u043e\u0432 \u0431\u044b\u043b\u0438 \u0440\u0435\u0430\u043b\u0438\u0437\u043e\u0432\u0430\u043d\u044b \u0432 \u0411\u0435\u0440\u043b\u0438\u043d\u0435 \u0438 \u0411\u0440\u0430\u043d\u0434\u0435\u043d\u0431\u0443\u0440\u0433\u0435.<\/p>\n<p>\u0422\u043e\u0442 \u0444\u0430\u043a\u0442, \u0447\u0442\u043e \u043c\u044b \u0433\u043e\u0432\u043e\u0440\u0438\u043c \u043d\u0430 \u0440\u0443\u0441\u0441\u043a\u043e\u043c \u0438 \u043d\u0430 \u043d\u0435\u043c\u0435\u0446\u043a\u043e\u043c, \u044f\u0432\u043b\u044f\u0435\u0442\u0441\u044f \u043e\u0434\u043d\u0438\u043c \u0438\u0437 \u043f\u0440\u0435\u0438\u043c\u0443\u0449\u0435\u0441\u0442\u0432 \u0434\u043b\u044f \u0437\u0430\u0441\u0442\u0440\u043e\u0439\u0449\u0438\u043a\u043e\u0432 \u0438 \u0438\u043d\u0432\u0435\u0441\u0442\u043e\u0440\u043e\u0432 \u0438\u0437-\u0437\u0430 \u0440\u0443\u0431\u0435\u0436\u0430.<\/p>\n<\/div><\/div><\/div><\/div><\/div><\/div><\/div><\/section><section class=\"l-section wpb_row height_medium\"><div class=\"l-section-h i-cf\"><div class=\"g-cols vc_row via_flex valign_top type_default stacking_default\"><div class=\"vc_col-sm-12 wpb_column vc_column_container\"><div class=\"vc_column-inner\"><div class=\"wpb_wrapper\"><div class=\"wpb_text_column\"><div class=\"wpb_wrapper\"><h2 style=\"text-align: center;\"><span class=\"\">\u041d\u0430\u0448\u0438 \u043f\u0440\u043e\u0435\u043a\u0442\u044b &#8211; \u0412\u044b\u0431\u043e\u0440\u043a\u0430<\/span><\/h2>\n<\/div><\/div><div class=\"w-separator size_large\"><\/div><div class=\"g-cols wpb_row via_flex valign_top type_default stacking_default\"><div class=\"vc_col-sm-4 wpb_column vc_column_container\"><div class=\"vc_column-inner\"><div class=\"wpb_wrapper\"><div class=\"w-image align_none meta_simple us_animate_afb\" style=\"animation-delay:0.2s\"><a ref=\"magnificPopup\" href=\"https:\/\/www.kipnis-immobilien.de\/wp-content\/uploads\/2020\/03\/WhatsApp-Image-2020-03-20-at-11.01.24.jpeg\" aria-label=\"EFH Land Brandenburg\" class=\"w-image-h\"><img decoding=\"async\" width=\"1024\" height=\"768\" src=\"https:\/\/www.kipnis-immobilien.de\/wp-content\/uploads\/2020\/03\/WhatsApp-Image-2020-03-20-at-11.01.24-1024x768.jpeg\" class=\"attachment-large size-large\" alt=\"\" loading=\"lazy\" srcset=\"https:\/\/www.kipnis-immobilien.de\/wp-content\/uploads\/2020\/03\/WhatsApp-Image-2020-03-20-at-11.01.24-1024x768.jpeg 1024w, https:\/\/www.kipnis-immobilien.de\/wp-content\/uploads\/2020\/03\/WhatsApp-Image-2020-03-20-at-11.01.24-300x225.jpeg 300w, https:\/\/www.kipnis-immobilien.de\/wp-content\/uploads\/2020\/03\/WhatsApp-Image-2020-03-20-at-11.01.24-600x450.jpeg 600w, https:\/\/www.kipnis-immobilien.de\/wp-content\/uploads\/2020\/03\/WhatsApp-Image-2020-03-20-at-11.01.24-500x375.jpeg 500w, https:\/\/www.kipnis-immobilien.de\/wp-content\/uploads\/2020\/03\/WhatsApp-Image-2020-03-20-at-11.01.24-800x600.jpeg 800w, https:\/\/www.kipnis-immobilien.de\/wp-content\/uploads\/2020\/03\/WhatsApp-Image-2020-03-20-at-11.01.24.jpeg 1280w\" sizes=\"auto, (max-width: 1024px) 100vw, 1024px\" \/><\/a><div class=\"w-image-meta\"><div class=\"w-image-title\">EFH Land Brandenburg<\/div><\/div><\/div><\/div><\/div><\/div><div class=\"vc_col-sm-4 wpb_column vc_column_container\"><div class=\"vc_column-inner\"><div class=\"wpb_wrapper\"><div class=\"w-image align_none meta_simple us_animate_afb\" style=\"animation-delay:0.6s\"><a ref=\"magnificPopup\" href=\"https:\/\/www.kipnis-immobilien.de\/wp-content\/uploads\/2020\/03\/IMG_20160520_104953.jpg\" aria-label=\"Zwei Villen in Berlin-Grunewald\" class=\"w-image-h\"><img decoding=\"async\" width=\"800\" height=\"600\" src=\"https:\/\/www.kipnis-immobilien.de\/wp-content\/uploads\/2020\/03\/IMG_20160520_104953.jpg\" class=\"attachment-large size-large\" alt=\"\" loading=\"lazy\" srcset=\"https:\/\/www.kipnis-immobilien.de\/wp-content\/uploads\/2020\/03\/IMG_20160520_104953.jpg 800w, https:\/\/www.kipnis-immobilien.de\/wp-content\/uploads\/2020\/03\/IMG_20160520_104953-300x225.jpg 300w, https:\/\/www.kipnis-immobilien.de\/wp-content\/uploads\/2020\/03\/IMG_20160520_104953-600x450.jpg 600w, https:\/\/www.kipnis-immobilien.de\/wp-content\/uploads\/2020\/03\/IMG_20160520_104953-500x375.jpg 500w\" sizes=\"auto, (max-width: 800px) 100vw, 800px\" \/><\/a><div class=\"w-image-meta\"><div class=\"w-image-title\">Zwei Villen in Berlin-Grunewald<\/div><\/div><\/div><\/div><\/div><\/div><div class=\"vc_col-sm-4 wpb_column vc_column_container\"><div class=\"vc_column-inner\"><div class=\"wpb_wrapper\"><div class=\"w-image align_none meta_simple us_animate_afb\" style=\"animation-delay:1s\"><a ref=\"magnificPopup\" href=\"https:\/\/www.kipnis-immobilien.de\/wp-content\/uploads\/2020\/03\/IMG_20191207_090325.jpg\" aria-label=\"Zweifamilienhaus in Sch\u00f6nwalde, Brandenburg\" class=\"w-image-h\"><img decoding=\"async\" width=\"800\" height=\"600\" src=\"https:\/\/www.kipnis-immobilien.de\/wp-content\/uploads\/2020\/03\/IMG_20191207_090325.jpg\" class=\"attachment-large size-large\" alt=\"\" loading=\"lazy\" srcset=\"https:\/\/www.kipnis-immobilien.de\/wp-content\/uploads\/2020\/03\/IMG_20191207_090325.jpg 800w, https:\/\/www.kipnis-immobilien.de\/wp-content\/uploads\/2020\/03\/IMG_20191207_090325-300x225.jpg 300w, https:\/\/www.kipnis-immobilien.de\/wp-content\/uploads\/2020\/03\/IMG_20191207_090325-600x450.jpg 600w, https:\/\/www.kipnis-immobilien.de\/wp-content\/uploads\/2020\/03\/IMG_20191207_090325-500x375.jpg 500w\" sizes=\"auto, (max-width: 800px) 100vw, 800px\" \/><\/a><div class=\"w-image-meta\"><div class=\"w-image-title\">Zweifamilienhaus in Sch\u00f6nwalde, Brandenburg<\/div><\/div><\/div><\/div><\/div><\/div><\/div><div class=\"w-separator size_large\"><\/div><div class=\"w-btn-wrapper align_center\"><a class=\"w-btn us-btn-style_3\" href=\"\/ru\/projekte\/\"><span class=\"w-btn-label\">\u041f\u041e\u0421\u041c\u041e\u0422\u0420\u0415\u0422\u042c \u0412\u0421\u0415 \u041f\u0420\u041e\u0415\u041a\u0422\u042b<\/span><\/a><\/div><\/div><\/div><\/div><\/div><\/div><\/section>\n","protected":false},"excerpt":{"rendered":"{:de}[rev_slider_vc alias=\"kipnis-home\"]Architektur und Immobilien Kipnis Architektur und Immobilien ist mehr als ein reines Architekturb\u00fcro. Auf der einen Seite bekommen Sie selbstverst\u00e4ndlich s\u00e4mtliche Leistungen eines Architekten. Auf der anderen Seite sind wir aber auch Ihr Partner, wenn es darum geht, ein Grundst\u00fcck oder eine Bestandsimmobilie zu finden. Dar\u00fcber hinaus unterst\u00fctzen wir Sie, unabh\u00e4ngig davon, ob Sie...","protected":false},"author":2,"featured_media":0,"parent":0,"menu_order":0,"comment_status":"closed","ping_status":"closed","template":"","meta":{"footnotes":""},"class_list":["post-6268","page","type-page","status-publish","hentry"],"translation":{"provider":"WPGlobus","version":"3.0.2","language":"ru","enabled_languages":["de","en","ru"],"languages":{"de":{"title":true,"content":true,"excerpt":false},"en":{"title":true,"content":true,"excerpt":false},"ru":{"title":true,"content":true,"excerpt":false}}},"yoast_head":"<!-- This site is optimized with the Yoast SEO plugin v27.4 - https:\/\/yoast.com\/product\/yoast-seo-wordpress\/ -->\n<title>\u0413\u043b\u0430\u0432\u043d\u0430\u044f - Kipnis Immobilien \u00b7 Architektur<\/title>\n<meta name=\"robots\" content=\"index, follow, max-snippet:-1, max-image-preview:large, max-video-preview:-1\" \/>\n<link rel=\"canonical\" href=\"https:\/\/www.kipnis-immobilien.de\/\" \/>\n<meta name=\"twitter:card\" content=\"summary_large_image\" \/>\n<meta name=\"twitter:title\" content=\"\u0413\u043b\u0430\u0432\u043d\u0430\u044f - Kipnis Immobilien \u00b7 Architektur\" \/>\n<meta name=\"twitter:label1\" content=\"Est. reading time\" \/>\n\t<meta name=\"twitter:data1\" content=\"2 minutes\" \/>\n<script type=\"application\/ld+json\" class=\"yoast-schema-graph\">{\"@context\":\"https:\\\/\\\/schema.org\",\"@graph\":[{\"@type\":\"WebPage\",\"@id\":\"https:\\\/\\\/www.kipnis-immobilien.de\\\/\",\"url\":\"https:\\\/\\\/www.kipnis-immobilien.de\\\/\",\"name\":\"\u0413\u043b\u0430\u0432\u043d\u0430\u044f - Kipnis Immobilien \u00b7 Architektur\",\"isPartOf\":{\"@id\":\"https:\\\/\\\/www.kipnis-immobilien.de\\\/#website\"},\"datePublished\":\"2018-08-02T14:02:12+00:00\",\"dateModified\":\"2023-02-09T09:33:17+00:00\",\"breadcrumb\":{\"@id\":\"https:\\\/\\\/www.kipnis-immobilien.de\\\/#breadcrumb\"},\"inLanguage\":\"ru-RU\",\"potentialAction\":[{\"@type\":\"ReadAction\",\"target\":[\"https:\\\/\\\/www.kipnis-immobilien.de\\\/\"]}]},{\"@type\":\"BreadcrumbList\",\"@id\":\"https:\\\/\\\/www.kipnis-immobilien.de\\\/#breadcrumb\",\"itemListElement\":[{\"@type\":\"ListItem\",\"position\":1,\"name\":\"Startseite\",\"item\":\"https:\\\/\\\/www.kipnis-immobilien.de\\\/\"},{\"@type\":\"ListItem\",\"position\":2,\"name\":\"Kipnis Home\"}]},{\"@type\":\"WebSite\",\"@id\":\"https:\\\/\\\/www.kipnis-immobilien.de\\\/#website\",\"url\":\"https:\\\/\\\/www.kipnis-immobilien.de\\\/\",\"name\":\"Kipnis Immobilien \u00b7 Architektur\",\"description\":\"\",\"potentialAction\":[{\"@type\":\"SearchAction\",\"target\":{\"@type\":\"EntryPoint\",\"urlTemplate\":\"https:\\\/\\\/www.kipnis-immobilien.de\\\/?s={search_term_string}\"},\"query-input\":{\"@type\":\"PropertyValueSpecification\",\"valueRequired\":true,\"valueName\":\"search_term_string\"}}],\"inLanguage\":\"ru-RU\"}]}<\/script>\n<!-- \/ Yoast SEO plugin. -->","yoast_head_json":{"title":"\u0413\u043b\u0430\u0432\u043d\u0430\u044f - Kipnis Immobilien \u00b7 Architektur","robots":{"index":"index","follow":"follow","max-snippet":"max-snippet:-1","max-image-preview":"max-image-preview:large","max-video-preview":"max-video-preview:-1"},"canonical":"https:\/\/www.kipnis-immobilien.de\/","twitter_card":"summary_large_image","twitter_title":"\u0413\u043b\u0430\u0432\u043d\u0430\u044f - Kipnis Immobilien \u00b7 Architektur","twitter_misc":{"Est. reading time":"2 minutes"},"schema":{"@context":"https:\/\/schema.org","@graph":[{"@type":"WebPage","@id":"https:\/\/www.kipnis-immobilien.de\/","url":"https:\/\/www.kipnis-immobilien.de\/","name":"\u0413\u043b\u0430\u0432\u043d\u0430\u044f - Kipnis Immobilien \u00b7 Architektur","isPartOf":{"@id":"https:\/\/www.kipnis-immobilien.de\/#website"},"datePublished":"2018-08-02T14:02:12+00:00","dateModified":"2023-02-09T09:33:17+00:00","breadcrumb":{"@id":"https:\/\/www.kipnis-immobilien.de\/#breadcrumb"},"inLanguage":"ru-RU","potentialAction":[{"@type":"ReadAction","target":["https:\/\/www.kipnis-immobilien.de\/"]}]},{"@type":"BreadcrumbList","@id":"https:\/\/www.kipnis-immobilien.de\/#breadcrumb","itemListElement":[{"@type":"ListItem","position":1,"name":"Startseite","item":"https:\/\/www.kipnis-immobilien.de\/"},{"@type":"ListItem","position":2,"name":"Kipnis Home"}]},{"@type":"WebSite","@id":"https:\/\/www.kipnis-immobilien.de\/#website","url":"https:\/\/www.kipnis-immobilien.de\/","name":"Kipnis Immobilien \u00b7 Architektur","description":"","potentialAction":[{"@type":"SearchAction","target":{"@type":"EntryPoint","urlTemplate":"https:\/\/www.kipnis-immobilien.de\/?s={search_term_string}"},"query-input":{"@type":"PropertyValueSpecification","valueRequired":true,"valueName":"search_term_string"}}],"inLanguage":"ru-RU"}]}},"_links":{"self":[{"href":"https:\/\/www.kipnis-immobilien.de\/ru\/wp-json\/wp\/v2\/pages\/6268","targetHints":{"allow":["GET"]}}],"collection":[{"href":"https:\/\/www.kipnis-immobilien.de\/ru\/wp-json\/wp\/v2\/pages"}],"about":[{"href":"https:\/\/www.kipnis-immobilien.de\/ru\/wp-json\/wp\/v2\/types\/page"}],"author":[{"embeddable":true,"href":"https:\/\/www.kipnis-immobilien.de\/ru\/wp-json\/wp\/v2\/users\/2"}],"replies":[{"embeddable":true,"href":"https:\/\/www.kipnis-immobilien.de\/ru\/wp-json\/wp\/v2\/comments?post=6268"}],"version-history":[{"count":78,"href":"https:\/\/www.kipnis-immobilien.de\/ru\/wp-json\/wp\/v2\/pages\/6268\/revisions"}],"predecessor-version":[{"id":7247,"href":"https:\/\/www.kipnis-immobilien.de\/ru\/wp-json\/wp\/v2\/pages\/6268\/revisions\/7247"}],"wp:attachment":[{"href":"https:\/\/www.kipnis-immobilien.de\/ru\/wp-json\/wp\/v2\/media?parent=6268"}],"curies":[{"name":"wp","href":"https:\/\/api.w.org\/{rel}","templated":true}]}}