{"id":6298,"date":"2018-08-02T17:26:31","date_gmt":"2018-08-02T15:26:31","guid":{"rendered":"http:\/\/cms.kipnis-immobilien.de\/?page_id=6298"},"modified":"2023-02-08T17:17:37","modified_gmt":"2023-02-08T16:17:37","slug":"architektur","status":"publish","type":"page","link":"https:\/\/www.kipnis-immobilien.de\/en\/architektur\/","title":{"rendered":"Architecture"},"content":{"rendered":"<section class=\"l-section wpb_row height_auto width_full\"><div class=\"l-section-h i-cf\"><div class=\"g-cols vc_row via_flex valign_top type_default stacking_default\"><div class=\"vc_col-sm-12 wpb_column vc_column_container\"><div class=\"vc_column-inner\"><div class=\"wpb_wrapper\">[rev_slider_vc alias=&#8221;kipnis-architektur-en&#8221;]<\/div><\/div><\/div><\/div><\/div><\/section><section class=\"l-section wpb_row height_medium\"><div class=\"l-section-h i-cf\"><div class=\"g-cols vc_row via_flex valign_top type_default stacking_default\"><div class=\"vc_col-sm-12 wpb_column vc_column_container\"><div class=\"vc_column-inner\"><div class=\"wpb_wrapper\"><div class=\"wpb_text_column\"><div class=\"wpb_wrapper\"><h2>Architecture \u00b7 style and quality<\/h2>\n<\/div><\/div><div class=\"wpb_text_column\"><div class=\"wpb_wrapper\"><p>We see ourselves as a comprehensive service provider for architecture. We have professional and innovative solutions for your wishes and ideas. Our service portfolio ranges from planning through construction to the handover of keys. Both individual new-build projects and sophisticated old-building renovations are among our core competencies.<\/p>\n<p>Of course, we take over all administrative procedures, building applications, building law votes, tenders and awarding to construction companies. Our goal is to guarantee sophisticated architectural performance right up to expert construction ascent.<\/p>\n<p>Whatever the task, the customer approaches us, he finds the ideal partner for him, who provides him with all the necessary services. Because our principle is simple: everyone does what he has the highest level of competence for.<\/p>\n<\/div><\/div><\/div><\/div><\/div><\/div><\/div><\/section>\n","protected":false},"excerpt":{"rendered":"{:de}[rev_slider_vc alias=\"kipnis-architektur\"]Architektur \u00b7 Stil und Qualit\u00e4t Wir verstehen uns als umfassenden Dienstleister f\u00fcr Architektur. F\u00fcr Ihre W\u00fcnsche und Vorstellungen haben wir fachgerechte und innovative L\u00f6sungen. Dabei erstreckt sich unser Leistungsportfolio von der Planung \u00fcber die Ausf\u00fchrung bis zur Schl\u00fcssel\u00fcbergabe. Sowohl individuelle Neubauprojekte als auch anspruchsvolle Altbausanierungen geh\u00f6ren zu unseren Kernkompetenzen. Selbstverst\u00e4ndlich \u00fcbernehmen wir s\u00e4mtliche Beh\u00f6rdeng\u00e4nge,...","protected":false},"author":2,"featured_media":0,"parent":0,"menu_order":0,"comment_status":"closed","ping_status":"closed","template":"","meta":{"footnotes":""},"class_list":["post-6298","page","type-page","status-publish","hentry"],"translation":{"provider":"WPGlobus","version":"3.0.2","language":"en","enabled_languages":["de","en","ru"],"languages":{"de":{"title":true,"content":true,"excerpt":false},"en":{"title":true,"content":true,"excerpt":false},"ru":{"title":true,"content":true,"excerpt":false}}},"yoast_head":"<!-- This site is optimized with the Yoast SEO plugin v27.4 - https:\/\/yoast.com\/product\/yoast-seo-wordpress\/ -->\n<title>Architecture - Kipnis Immobilien \u00b7 Architektur<\/title>\n<meta name=\"robots\" content=\"index, follow, max-snippet:-1, max-image-preview:large, max-video-preview:-1\" \/>\n<link rel=\"canonical\" href=\"https:\/\/www.kipnis-immobilien.de\/architektur\/\" \/>\n<meta name=\"twitter:card\" content=\"summary_large_image\" \/>\n<meta name=\"twitter:title\" content=\"Architecture - Kipnis Immobilien \u00b7 Architektur\" \/>\n<meta name=\"twitter:label1\" content=\"Est. reading time\" \/>\n\t<meta name=\"twitter:data1\" content=\"1 minute\" \/>\n<script type=\"application\/ld+json\" class=\"yoast-schema-graph\">{\"@context\":\"https:\\\/\\\/schema.org\",\"@graph\":[{\"@type\":\"WebPage\",\"@id\":\"https:\\\/\\\/www.kipnis-immobilien.de\\\/architektur\\\/\",\"url\":\"https:\\\/\\\/www.kipnis-immobilien.de\\\/architektur\\\/\",\"name\":\"Architecture - Kipnis Immobilien \u00b7 Architektur\",\"isPartOf\":{\"@id\":\"https:\\\/\\\/www.kipnis-immobilien.de\\\/#website\"},\"datePublished\":\"2018-08-02T15:26:31+00:00\",\"dateModified\":\"2023-02-08T16:17:37+00:00\",\"breadcrumb\":{\"@id\":\"https:\\\/\\\/www.kipnis-immobilien.de\\\/architektur\\\/#breadcrumb\"},\"inLanguage\":\"en-US\",\"potentialAction\":[{\"@type\":\"ReadAction\",\"target\":[\"https:\\\/\\\/www.kipnis-immobilien.de\\\/architektur\\\/\"]}]},{\"@type\":\"BreadcrumbList\",\"@id\":\"https:\\\/\\\/www.kipnis-immobilien.de\\\/architektur\\\/#breadcrumb\",\"itemListElement\":[{\"@type\":\"ListItem\",\"position\":1,\"name\":\"Startseite\",\"item\":\"https:\\\/\\\/www.kipnis-immobilien.de\\\/\"},{\"@type\":\"ListItem\",\"position\":2,\"name\":\"Architektur\"}]},{\"@type\":\"WebSite\",\"@id\":\"https:\\\/\\\/www.kipnis-immobilien.de\\\/#website\",\"url\":\"https:\\\/\\\/www.kipnis-immobilien.de\\\/\",\"name\":\"Kipnis Immobilien \u00b7 Architektur\",\"description\":\"\",\"potentialAction\":[{\"@type\":\"SearchAction\",\"target\":{\"@type\":\"EntryPoint\",\"urlTemplate\":\"https:\\\/\\\/www.kipnis-immobilien.de\\\/?s={search_term_string}\"},\"query-input\":{\"@type\":\"PropertyValueSpecification\",\"valueRequired\":true,\"valueName\":\"search_term_string\"}}],\"inLanguage\":\"en-US\"}]}<\/script>\n<!-- \/ Yoast SEO plugin. -->","yoast_head_json":{"title":"Architecture - Kipnis Immobilien \u00b7 Architektur","robots":{"index":"index","follow":"follow","max-snippet":"max-snippet:-1","max-image-preview":"max-image-preview:large","max-video-preview":"max-video-preview:-1"},"canonical":"https:\/\/www.kipnis-immobilien.de\/architektur\/","twitter_card":"summary_large_image","twitter_title":"Architecture - Kipnis Immobilien \u00b7 Architektur","twitter_misc":{"Est. reading time":"1 minute"},"schema":{"@context":"https:\/\/schema.org","@graph":[{"@type":"WebPage","@id":"https:\/\/www.kipnis-immobilien.de\/architektur\/","url":"https:\/\/www.kipnis-immobilien.de\/architektur\/","name":"Architecture - Kipnis Immobilien \u00b7 Architektur","isPartOf":{"@id":"https:\/\/www.kipnis-immobilien.de\/#website"},"datePublished":"2018-08-02T15:26:31+00:00","dateModified":"2023-02-08T16:17:37+00:00","breadcrumb":{"@id":"https:\/\/www.kipnis-immobilien.de\/architektur\/#breadcrumb"},"inLanguage":"en-US","potentialAction":[{"@type":"ReadAction","target":["https:\/\/www.kipnis-immobilien.de\/architektur\/"]}]},{"@type":"BreadcrumbList","@id":"https:\/\/www.kipnis-immobilien.de\/architektur\/#breadcrumb","itemListElement":[{"@type":"ListItem","position":1,"name":"Startseite","item":"https:\/\/www.kipnis-immobilien.de\/"},{"@type":"ListItem","position":2,"name":"Architektur"}]},{"@type":"WebSite","@id":"https:\/\/www.kipnis-immobilien.de\/#website","url":"https:\/\/www.kipnis-immobilien.de\/","name":"Kipnis Immobilien \u00b7 Architektur","description":"","potentialAction":[{"@type":"SearchAction","target":{"@type":"EntryPoint","urlTemplate":"https:\/\/www.kipnis-immobilien.de\/?s={search_term_string}"},"query-input":{"@type":"PropertyValueSpecification","valueRequired":true,"valueName":"search_term_string"}}],"inLanguage":"en-US"}]}},"_links":{"self":[{"href":"https:\/\/www.kipnis-immobilien.de\/en\/wp-json\/wp\/v2\/pages\/6298","targetHints":{"allow":["GET"]}}],"collection":[{"href":"https:\/\/www.kipnis-immobilien.de\/en\/wp-json\/wp\/v2\/pages"}],"about":[{"href":"https:\/\/www.kipnis-immobilien.de\/en\/wp-json\/wp\/v2\/types\/page"}],"author":[{"embeddable":true,"href":"https:\/\/www.kipnis-immobilien.de\/en\/wp-json\/wp\/v2\/users\/2"}],"replies":[{"embeddable":true,"href":"https:\/\/www.kipnis-immobilien.de\/en\/wp-json\/wp\/v2\/comments?post=6298"}],"version-history":[{"count":24,"href":"https:\/\/www.kipnis-immobilien.de\/en\/wp-json\/wp\/v2\/pages\/6298\/revisions"}],"predecessor-version":[{"id":7243,"href":"https:\/\/www.kipnis-immobilien.de\/en\/wp-json\/wp\/v2\/pages\/6298\/revisions\/7243"}],"wp:attachment":[{"href":"https:\/\/www.kipnis-immobilien.de\/en\/wp-json\/wp\/v2\/media?parent=6298"}],"curies":[{"name":"wp","href":"https:\/\/api.w.org\/{rel}","templated":true}]}}