{"id":6273,"date":"2018-08-02T16:08:29","date_gmt":"2018-08-02T14:08:29","guid":{"rendered":"http:\/\/cms.kipnis-immobilien.de\/?page_id=6273"},"modified":"2025-02-03T12:25:36","modified_gmt":"2025-02-03T11:25:36","slug":"kontakt","status":"publish","type":"page","link":"https:\/\/www.kipnis-immobilien.de\/en\/kontakt\/","title":{"rendered":"Contact English"},"content":{"rendered":"<section class=\"l-section wpb_row height_auto width_full color_primary\"><div class=\"l-section-h i-cf\"><div class=\"g-cols vc_row via_flex valign_top type_default stacking_default\"><div class=\"vc_col-sm-12 wpb_column vc_column_container\"><div class=\"vc_column-inner\"><div class=\"wpb_wrapper\">[rev_slider_vc alias=&#8221;kipnis-kontakt-en&#8221;]<\/div><\/div><\/div><\/div><\/div><\/section><section class=\"l-section wpb_row height_medium\"><div class=\"l-section-h i-cf\"><div class=\"g-cols vc_row via_flex valign_top type_default stacking_default\"><div class=\"vc_col-sm-8 wpb_column vc_column_container\"><div class=\"vc_column-inner\"><div class=\"wpb_wrapper\"><div class=\"wpb_text_column\"><div class=\"wpb_wrapper\"><h1>Contact form<\/h1>\n<\/div><\/div><div class=\"wpb_text_column\"><div class=\"wpb_wrapper\"><p>Please send us your request by e-mail:\u00a0<a href=\"mailto:akipnis@hotmail.de\">akipnis at hotmail.de<\/a><\/p>\n<\/div><\/div><\/div><\/div><\/div><div class=\"vc_col-sm-4 wpb_column vc_column_container\"><div class=\"vc_column-inner\"><div class=\"wpb_wrapper\"><h2 class=\"w-text us_custom_f774c60e\"><span class=\"w-text-h\"><span class=\"w-text-value\">Contact data<\/span><\/span><\/h2><div class=\"wpb_text_column\"><div class=\"wpb_wrapper\"><section class=\"l-section wpb_row height_medium\"><div class=\"l-section-h i-cf\"><div class=\"g-cols vc_row via_flex valign_top type_default stacking_default\"><div class=\"vc_col-sm-12 wpb_column vc_column_container\"><div class=\"vc_column-inner\"><div class=\"wpb_wrapper\"><div class=\"w-iconbox iconpos_left style_default color_contrast align_left no_title\"><a target=\"_blank\" rel=\"nofollow\" href=\"https:\/\/goo.gl\/maps\/Vi9845n3gSS2\" class=\"w-iconbox-link\" aria-label=\"fas|map-marker-alt\"><div class=\"w-iconbox-icon\" style=\"font-size:1.2rem;\"><i class=\"fas fa-map-marker-alt\"><\/i><\/div><\/a><div class=\"w-iconbox-meta\"><div class=\"w-iconbox-text\"><p>Alla Kipnis<br \/>\nArchitektin<br \/>\nT +49 179 2426005<br \/>\nakipnis@hotmail.de<br \/>\nB\u00fcrohaus L\u00fcder<br \/>\nBaraschstra\u00dfe 17<br \/>\n14193 Berlin-Grunewald<\/p>\n<\/div><\/div><\/div><\/div><\/div><\/div><\/div><\/div><\/section>\n\n<\/div><\/div><\/div><\/div><\/div><\/div><\/div><\/section>\n","protected":false},"excerpt":{"rendered":"{:de}[rev_slider_vc alias=\"kipnis-kontakt\"]Kontakt Gerne beantworten wir Ihre Anfragen. Bitte senden Sie uns Ihre Anfrage per E-Mail: akipnis at hotmail.de KontaktdatenAlla Kipnis Architektin T +49 179 2426005 akipnis@hotmail.de B\u00fcrohaus L\u00fcder Baraschstra\u00dfe 17 14193 Berlin-Grunewald {:}{:en}[rev_slider_vc alias=\"kipnis-kontakt-en\"]Contact form Please send us your request by e-mail:\u00a0akipnis at hotmail.de Contact dataAlla Kipnis Architektin T +49 179 2426005 akipnis@hotmail.de B\u00fcrohaus L\u00fcder...","protected":false},"author":2,"featured_media":0,"parent":0,"menu_order":0,"comment_status":"closed","ping_status":"closed","template":"","meta":{"footnotes":""},"class_list":["post-6273","page","type-page","status-publish","hentry"],"translation":{"provider":"WPGlobus","version":"3.0.2","language":"en","enabled_languages":["de","en","ru"],"languages":{"de":{"title":true,"content":true,"excerpt":false},"en":{"title":true,"content":true,"excerpt":false},"ru":{"title":true,"content":true,"excerpt":false}}},"yoast_head":"<!-- This site is optimized with the Yoast SEO plugin v27.4 - https:\/\/yoast.com\/product\/yoast-seo-wordpress\/ -->\n<title>Contact English - Kipnis Immobilien \u00b7 Architektur<\/title>\n<meta name=\"robots\" content=\"index, follow, max-snippet:-1, max-image-preview:large, max-video-preview:-1\" \/>\n<link rel=\"canonical\" href=\"https:\/\/www.kipnis-immobilien.de\/kontakt\/\" \/>\n<meta name=\"twitter:card\" content=\"summary_large_image\" \/>\n<meta name=\"twitter:title\" content=\"Contact English - Kipnis Immobilien \u00b7 Architektur\" \/>\n<meta name=\"twitter:label1\" content=\"Est. reading time\" \/>\n\t<meta name=\"twitter:data1\" content=\"1 minute\" \/>\n<script type=\"application\/ld+json\" class=\"yoast-schema-graph\">{\"@context\":\"https:\\\/\\\/schema.org\",\"@graph\":[{\"@type\":\"WebPage\",\"@id\":\"https:\\\/\\\/www.kipnis-immobilien.de\\\/kontakt\\\/\",\"url\":\"https:\\\/\\\/www.kipnis-immobilien.de\\\/kontakt\\\/\",\"name\":\"Contact English - Kipnis Immobilien \u00b7 Architektur\",\"isPartOf\":{\"@id\":\"https:\\\/\\\/www.kipnis-immobilien.de\\\/#website\"},\"datePublished\":\"2018-08-02T14:08:29+00:00\",\"dateModified\":\"2025-02-03T11:25:36+00:00\",\"breadcrumb\":{\"@id\":\"https:\\\/\\\/www.kipnis-immobilien.de\\\/kontakt\\\/#breadcrumb\"},\"inLanguage\":\"en-US\",\"potentialAction\":[{\"@type\":\"ReadAction\",\"target\":[\"https:\\\/\\\/www.kipnis-immobilien.de\\\/kontakt\\\/\"]}]},{\"@type\":\"BreadcrumbList\",\"@id\":\"https:\\\/\\\/www.kipnis-immobilien.de\\\/kontakt\\\/#breadcrumb\",\"itemListElement\":[{\"@type\":\"ListItem\",\"position\":1,\"name\":\"Startseite\",\"item\":\"https:\\\/\\\/www.kipnis-immobilien.de\\\/\"},{\"@type\":\"ListItem\",\"position\":2,\"name\":\"Kontakt\"}]},{\"@type\":\"WebSite\",\"@id\":\"https:\\\/\\\/www.kipnis-immobilien.de\\\/#website\",\"url\":\"https:\\\/\\\/www.kipnis-immobilien.de\\\/\",\"name\":\"Kipnis Immobilien \u00b7 Architektur\",\"description\":\"\",\"potentialAction\":[{\"@type\":\"SearchAction\",\"target\":{\"@type\":\"EntryPoint\",\"urlTemplate\":\"https:\\\/\\\/www.kipnis-immobilien.de\\\/?s={search_term_string}\"},\"query-input\":{\"@type\":\"PropertyValueSpecification\",\"valueRequired\":true,\"valueName\":\"search_term_string\"}}],\"inLanguage\":\"en-US\"}]}<\/script>\n<!-- \/ Yoast SEO plugin. -->","yoast_head_json":{"title":"Contact English - Kipnis Immobilien \u00b7 Architektur","robots":{"index":"index","follow":"follow","max-snippet":"max-snippet:-1","max-image-preview":"max-image-preview:large","max-video-preview":"max-video-preview:-1"},"canonical":"https:\/\/www.kipnis-immobilien.de\/kontakt\/","twitter_card":"summary_large_image","twitter_title":"Contact English - Kipnis Immobilien \u00b7 Architektur","twitter_misc":{"Est. reading time":"1 minute"},"schema":{"@context":"https:\/\/schema.org","@graph":[{"@type":"WebPage","@id":"https:\/\/www.kipnis-immobilien.de\/kontakt\/","url":"https:\/\/www.kipnis-immobilien.de\/kontakt\/","name":"Contact English - Kipnis Immobilien \u00b7 Architektur","isPartOf":{"@id":"https:\/\/www.kipnis-immobilien.de\/#website"},"datePublished":"2018-08-02T14:08:29+00:00","dateModified":"2025-02-03T11:25:36+00:00","breadcrumb":{"@id":"https:\/\/www.kipnis-immobilien.de\/kontakt\/#breadcrumb"},"inLanguage":"en-US","potentialAction":[{"@type":"ReadAction","target":["https:\/\/www.kipnis-immobilien.de\/kontakt\/"]}]},{"@type":"BreadcrumbList","@id":"https:\/\/www.kipnis-immobilien.de\/kontakt\/#breadcrumb","itemListElement":[{"@type":"ListItem","position":1,"name":"Startseite","item":"https:\/\/www.kipnis-immobilien.de\/"},{"@type":"ListItem","position":2,"name":"Kontakt"}]},{"@type":"WebSite","@id":"https:\/\/www.kipnis-immobilien.de\/#website","url":"https:\/\/www.kipnis-immobilien.de\/","name":"Kipnis Immobilien \u00b7 Architektur","description":"","potentialAction":[{"@type":"SearchAction","target":{"@type":"EntryPoint","urlTemplate":"https:\/\/www.kipnis-immobilien.de\/?s={search_term_string}"},"query-input":{"@type":"PropertyValueSpecification","valueRequired":true,"valueName":"search_term_string"}}],"inLanguage":"en-US"}]}},"_links":{"self":[{"href":"https:\/\/www.kipnis-immobilien.de\/en\/wp-json\/wp\/v2\/pages\/6273","targetHints":{"allow":["GET"]}}],"collection":[{"href":"https:\/\/www.kipnis-immobilien.de\/en\/wp-json\/wp\/v2\/pages"}],"about":[{"href":"https:\/\/www.kipnis-immobilien.de\/en\/wp-json\/wp\/v2\/types\/page"}],"author":[{"embeddable":true,"href":"https:\/\/www.kipnis-immobilien.de\/en\/wp-json\/wp\/v2\/users\/2"}],"replies":[{"embeddable":true,"href":"https:\/\/www.kipnis-immobilien.de\/en\/wp-json\/wp\/v2\/comments?post=6273"}],"version-history":[{"count":90,"href":"https:\/\/www.kipnis-immobilien.de\/en\/wp-json\/wp\/v2\/pages\/6273\/revisions"}],"predecessor-version":[{"id":7300,"href":"https:\/\/www.kipnis-immobilien.de\/en\/wp-json\/wp\/v2\/pages\/6273\/revisions\/7300"}],"wp:attachment":[{"href":"https:\/\/www.kipnis-immobilien.de\/en\/wp-json\/wp\/v2\/media?parent=6273"}],"curies":[{"name":"wp","href":"https:\/\/api.w.org\/{rel}","templated":true}]}}