{"id":6268,"date":"2018-08-02T16:02:12","date_gmt":"2018-08-02T14:02:12","guid":{"rendered":"http:\/\/cms.kipnis-immobilien.de\/?page_id=6268"},"modified":"2023-02-09T10:33:17","modified_gmt":"2023-02-09T09:33:17","slug":"kipnis-home","status":"publish","type":"page","link":"https:\/\/www.kipnis-immobilien.de\/en\/","title":{"rendered":"Home"},"content":{"rendered":"<section class=\"l-section wpb_row height_auto width_full\"><div class=\"l-section-h i-cf\"><div class=\"g-cols vc_row via_flex valign_top type_default stacking_default\"><div class=\"vc_col-sm-12 wpb_column vc_column_container\"><div class=\"vc_column-inner\"><div class=\"wpb_wrapper\">[rev_slider_vc alias=&#8221;kipnis-home-en&#8221;]<\/div><\/div><\/div><\/div><\/div><\/section><section class=\"l-section wpb_row height_medium\"><div class=\"l-section-h i-cf\"><div class=\"g-cols vc_row via_flex valign_top type_default stacking_default\"><div class=\"vc_col-sm-12 wpb_column vc_column_container\"><div class=\"vc_column-inner\"><div class=\"wpb_wrapper\"><div class=\"wpb_text_column\"><div class=\"wpb_wrapper\"><h1>Architecture and Real Estate<\/h1>\n<\/div><\/div><div class=\"wpb_text_column\"><div class=\"wpb_wrapper\"><p>Kipnis Architecture &amp; Real Estate is more than just architectural office. On the one hand, you receive all the services of an architect. On the other hand, we are also your partner when it comes to finding a plot of land or an another real estate objects. Beyond that, we support you, whether you are the developer, investor or buyer, in all necessary administrative procedures and formalities.<\/p>\n<p>We also have the multilingual support for developer and buyer.<br \/>\nContact us.<\/p>\n<h2>Over 20 years experience<\/h2>\n<p>Alla Kipnis has been working as an architect for over 20 years. During this time numerous construction projects were planned and built. Single-family homes, multi-family houses, villas as well as old buildings renovation and attic extensions are the most common projects. In addition to residential buildings, commercial objects like hotel are also part of our work. Most projects are realized in Berlin and Brandenburg area. The fact that Russian as well as German is spoken is one of the advantages that benefit developers and investors from abroad.<\/p>\n<\/div><\/div><\/div><\/div><\/div><\/div><\/div><\/section><section class=\"l-section wpb_row height_medium\"><div class=\"l-section-h i-cf\"><div class=\"g-cols vc_row via_flex valign_top type_default stacking_default\"><div class=\"vc_col-sm-12 wpb_column vc_column_container\"><div class=\"vc_column-inner\"><div class=\"wpb_wrapper\"><div class=\"wpb_text_column\"><div class=\"wpb_wrapper\"><h2 style=\"text-align: center;\"><span class=\"\">Our projects &#8211; S<\/span><span class=\"\">election<\/span><\/h2>\n<\/div><\/div><div class=\"w-separator size_large\"><\/div><div class=\"g-cols wpb_row via_flex valign_top type_default stacking_default\"><div class=\"vc_col-sm-4 wpb_column vc_column_container\"><div class=\"vc_column-inner\"><div class=\"wpb_wrapper\"><div class=\"w-image align_none meta_simple us_animate_afb\" style=\"animation-delay:0.2s\"><a ref=\"magnificPopup\" href=\"https:\/\/www.kipnis-immobilien.de\/wp-content\/uploads\/2020\/03\/WhatsApp-Image-2020-03-20-at-11.01.24.jpeg\" aria-label=\"EFH Land Brandenburg\" class=\"w-image-h\"><img decoding=\"async\" width=\"1024\" height=\"768\" src=\"https:\/\/www.kipnis-immobilien.de\/wp-content\/uploads\/2020\/03\/WhatsApp-Image-2020-03-20-at-11.01.24-1024x768.jpeg\" class=\"attachment-large size-large\" alt=\"\" loading=\"lazy\" srcset=\"https:\/\/www.kipnis-immobilien.de\/wp-content\/uploads\/2020\/03\/WhatsApp-Image-2020-03-20-at-11.01.24-1024x768.jpeg 1024w, https:\/\/www.kipnis-immobilien.de\/wp-content\/uploads\/2020\/03\/WhatsApp-Image-2020-03-20-at-11.01.24-300x225.jpeg 300w, https:\/\/www.kipnis-immobilien.de\/wp-content\/uploads\/2020\/03\/WhatsApp-Image-2020-03-20-at-11.01.24-600x450.jpeg 600w, https:\/\/www.kipnis-immobilien.de\/wp-content\/uploads\/2020\/03\/WhatsApp-Image-2020-03-20-at-11.01.24-500x375.jpeg 500w, https:\/\/www.kipnis-immobilien.de\/wp-content\/uploads\/2020\/03\/WhatsApp-Image-2020-03-20-at-11.01.24-800x600.jpeg 800w, https:\/\/www.kipnis-immobilien.de\/wp-content\/uploads\/2020\/03\/WhatsApp-Image-2020-03-20-at-11.01.24.jpeg 1280w\" sizes=\"auto, (max-width: 1024px) 100vw, 1024px\" \/><\/a><div class=\"w-image-meta\"><div class=\"w-image-title\">EFH Land Brandenburg<\/div><\/div><\/div><\/div><\/div><\/div><div class=\"vc_col-sm-4 wpb_column vc_column_container\"><div class=\"vc_column-inner\"><div class=\"wpb_wrapper\"><div class=\"w-image align_none meta_simple us_animate_afb\" style=\"animation-delay:0.6s\"><a ref=\"magnificPopup\" href=\"https:\/\/www.kipnis-immobilien.de\/wp-content\/uploads\/2020\/03\/IMG_20160520_104953.jpg\" aria-label=\"Zwei Villen in Berlin-Grunewald\" class=\"w-image-h\"><img decoding=\"async\" width=\"800\" height=\"600\" src=\"https:\/\/www.kipnis-immobilien.de\/wp-content\/uploads\/2020\/03\/IMG_20160520_104953.jpg\" class=\"attachment-large size-large\" alt=\"\" loading=\"lazy\" srcset=\"https:\/\/www.kipnis-immobilien.de\/wp-content\/uploads\/2020\/03\/IMG_20160520_104953.jpg 800w, https:\/\/www.kipnis-immobilien.de\/wp-content\/uploads\/2020\/03\/IMG_20160520_104953-300x225.jpg 300w, https:\/\/www.kipnis-immobilien.de\/wp-content\/uploads\/2020\/03\/IMG_20160520_104953-600x450.jpg 600w, https:\/\/www.kipnis-immobilien.de\/wp-content\/uploads\/2020\/03\/IMG_20160520_104953-500x375.jpg 500w\" sizes=\"auto, (max-width: 800px) 100vw, 800px\" \/><\/a><div class=\"w-image-meta\"><div class=\"w-image-title\">Zwei Villen in Berlin-Grunewald<\/div><\/div><\/div><\/div><\/div><\/div><div class=\"vc_col-sm-4 wpb_column vc_column_container\"><div class=\"vc_column-inner\"><div class=\"wpb_wrapper\"><div class=\"w-image align_none meta_simple us_animate_afb\" style=\"animation-delay:1s\"><a ref=\"magnificPopup\" href=\"https:\/\/www.kipnis-immobilien.de\/wp-content\/uploads\/2020\/03\/IMG_20191207_090325.jpg\" aria-label=\"Zweifamilienhaus in Sch\u00f6nwalde, Brandenburg\" class=\"w-image-h\"><img decoding=\"async\" width=\"800\" height=\"600\" src=\"https:\/\/www.kipnis-immobilien.de\/wp-content\/uploads\/2020\/03\/IMG_20191207_090325.jpg\" class=\"attachment-large size-large\" alt=\"\" loading=\"lazy\" srcset=\"https:\/\/www.kipnis-immobilien.de\/wp-content\/uploads\/2020\/03\/IMG_20191207_090325.jpg 800w, https:\/\/www.kipnis-immobilien.de\/wp-content\/uploads\/2020\/03\/IMG_20191207_090325-300x225.jpg 300w, https:\/\/www.kipnis-immobilien.de\/wp-content\/uploads\/2020\/03\/IMG_20191207_090325-600x450.jpg 600w, https:\/\/www.kipnis-immobilien.de\/wp-content\/uploads\/2020\/03\/IMG_20191207_090325-500x375.jpg 500w\" sizes=\"auto, (max-width: 800px) 100vw, 800px\" \/><\/a><div class=\"w-image-meta\"><div class=\"w-image-title\">Zweifamilienhaus in Sch\u00f6nwalde, Brandenburg<\/div><\/div><\/div><\/div><\/div><\/div><\/div><div class=\"w-separator size_large\"><\/div><div class=\"w-btn-wrapper align_center\"><a class=\"w-btn us-btn-style_3\" href=\"\/en\/projekte\/\"><span class=\"w-btn-label\">VIEW ALL PROJECTS<\/span><\/a><\/div><\/div><\/div><\/div><\/div><\/div><\/section>\n","protected":false},"excerpt":{"rendered":"{:de}[rev_slider_vc alias=\"kipnis-home\"]Architektur und Immobilien Kipnis Architektur und Immobilien ist mehr als ein reines Architekturb\u00fcro. Auf der einen Seite bekommen Sie selbstverst\u00e4ndlich s\u00e4mtliche Leistungen eines Architekten. Auf der anderen Seite sind wir aber auch Ihr Partner, wenn es darum geht, ein Grundst\u00fcck oder eine Bestandsimmobilie zu finden. Dar\u00fcber hinaus unterst\u00fctzen wir Sie, unabh\u00e4ngig davon, ob Sie...","protected":false},"author":2,"featured_media":0,"parent":0,"menu_order":0,"comment_status":"closed","ping_status":"closed","template":"","meta":{"footnotes":""},"class_list":["post-6268","page","type-page","status-publish","hentry"],"translation":{"provider":"WPGlobus","version":"3.0.2","language":"en","enabled_languages":["de","en","ru"],"languages":{"de":{"title":true,"content":true,"excerpt":false},"en":{"title":true,"content":true,"excerpt":false},"ru":{"title":true,"content":true,"excerpt":false}}},"yoast_head":"<!-- This site is optimized with the Yoast SEO plugin v27.4 - https:\/\/yoast.com\/product\/yoast-seo-wordpress\/ -->\n<title>Home - Kipnis Immobilien \u00b7 Architektur<\/title>\n<meta name=\"robots\" content=\"index, follow, max-snippet:-1, max-image-preview:large, max-video-preview:-1\" \/>\n<link rel=\"canonical\" href=\"https:\/\/www.kipnis-immobilien.de\/\" \/>\n<meta name=\"twitter:card\" content=\"summary_large_image\" \/>\n<meta name=\"twitter:title\" content=\"Home - Kipnis Immobilien \u00b7 Architektur\" \/>\n<meta name=\"twitter:label1\" content=\"Est. reading time\" \/>\n\t<meta name=\"twitter:data1\" content=\"2 minutes\" \/>\n<script type=\"application\/ld+json\" class=\"yoast-schema-graph\">{\"@context\":\"https:\\\/\\\/schema.org\",\"@graph\":[{\"@type\":\"WebPage\",\"@id\":\"https:\\\/\\\/www.kipnis-immobilien.de\\\/\",\"url\":\"https:\\\/\\\/www.kipnis-immobilien.de\\\/\",\"name\":\"Home - Kipnis Immobilien \u00b7 Architektur\",\"isPartOf\":{\"@id\":\"https:\\\/\\\/www.kipnis-immobilien.de\\\/#website\"},\"datePublished\":\"2018-08-02T14:02:12+00:00\",\"dateModified\":\"2023-02-09T09:33:17+00:00\",\"breadcrumb\":{\"@id\":\"https:\\\/\\\/www.kipnis-immobilien.de\\\/#breadcrumb\"},\"inLanguage\":\"en-US\",\"potentialAction\":[{\"@type\":\"ReadAction\",\"target\":[\"https:\\\/\\\/www.kipnis-immobilien.de\\\/\"]}]},{\"@type\":\"BreadcrumbList\",\"@id\":\"https:\\\/\\\/www.kipnis-immobilien.de\\\/#breadcrumb\",\"itemListElement\":[{\"@type\":\"ListItem\",\"position\":1,\"name\":\"Startseite\",\"item\":\"https:\\\/\\\/www.kipnis-immobilien.de\\\/\"},{\"@type\":\"ListItem\",\"position\":2,\"name\":\"Kipnis Home\"}]},{\"@type\":\"WebSite\",\"@id\":\"https:\\\/\\\/www.kipnis-immobilien.de\\\/#website\",\"url\":\"https:\\\/\\\/www.kipnis-immobilien.de\\\/\",\"name\":\"Kipnis Immobilien \u00b7 Architektur\",\"description\":\"\",\"potentialAction\":[{\"@type\":\"SearchAction\",\"target\":{\"@type\":\"EntryPoint\",\"urlTemplate\":\"https:\\\/\\\/www.kipnis-immobilien.de\\\/?s={search_term_string}\"},\"query-input\":{\"@type\":\"PropertyValueSpecification\",\"valueRequired\":true,\"valueName\":\"search_term_string\"}}],\"inLanguage\":\"en-US\"}]}<\/script>\n<!-- \/ Yoast SEO plugin. -->","yoast_head_json":{"title":"Home - Kipnis Immobilien \u00b7 Architektur","robots":{"index":"index","follow":"follow","max-snippet":"max-snippet:-1","max-image-preview":"max-image-preview:large","max-video-preview":"max-video-preview:-1"},"canonical":"https:\/\/www.kipnis-immobilien.de\/","twitter_card":"summary_large_image","twitter_title":"Home - Kipnis Immobilien \u00b7 Architektur","twitter_misc":{"Est. reading time":"2 minutes"},"schema":{"@context":"https:\/\/schema.org","@graph":[{"@type":"WebPage","@id":"https:\/\/www.kipnis-immobilien.de\/","url":"https:\/\/www.kipnis-immobilien.de\/","name":"Home - Kipnis Immobilien \u00b7 Architektur","isPartOf":{"@id":"https:\/\/www.kipnis-immobilien.de\/#website"},"datePublished":"2018-08-02T14:02:12+00:00","dateModified":"2023-02-09T09:33:17+00:00","breadcrumb":{"@id":"https:\/\/www.kipnis-immobilien.de\/#breadcrumb"},"inLanguage":"en-US","potentialAction":[{"@type":"ReadAction","target":["https:\/\/www.kipnis-immobilien.de\/"]}]},{"@type":"BreadcrumbList","@id":"https:\/\/www.kipnis-immobilien.de\/#breadcrumb","itemListElement":[{"@type":"ListItem","position":1,"name":"Startseite","item":"https:\/\/www.kipnis-immobilien.de\/"},{"@type":"ListItem","position":2,"name":"Kipnis Home"}]},{"@type":"WebSite","@id":"https:\/\/www.kipnis-immobilien.de\/#website","url":"https:\/\/www.kipnis-immobilien.de\/","name":"Kipnis Immobilien \u00b7 Architektur","description":"","potentialAction":[{"@type":"SearchAction","target":{"@type":"EntryPoint","urlTemplate":"https:\/\/www.kipnis-immobilien.de\/?s={search_term_string}"},"query-input":{"@type":"PropertyValueSpecification","valueRequired":true,"valueName":"search_term_string"}}],"inLanguage":"en-US"}]}},"_links":{"self":[{"href":"https:\/\/www.kipnis-immobilien.de\/en\/wp-json\/wp\/v2\/pages\/6268","targetHints":{"allow":["GET"]}}],"collection":[{"href":"https:\/\/www.kipnis-immobilien.de\/en\/wp-json\/wp\/v2\/pages"}],"about":[{"href":"https:\/\/www.kipnis-immobilien.de\/en\/wp-json\/wp\/v2\/types\/page"}],"author":[{"embeddable":true,"href":"https:\/\/www.kipnis-immobilien.de\/en\/wp-json\/wp\/v2\/users\/2"}],"replies":[{"embeddable":true,"href":"https:\/\/www.kipnis-immobilien.de\/en\/wp-json\/wp\/v2\/comments?post=6268"}],"version-history":[{"count":78,"href":"https:\/\/www.kipnis-immobilien.de\/en\/wp-json\/wp\/v2\/pages\/6268\/revisions"}],"predecessor-version":[{"id":7247,"href":"https:\/\/www.kipnis-immobilien.de\/en\/wp-json\/wp\/v2\/pages\/6268\/revisions\/7247"}],"wp:attachment":[{"href":"https:\/\/www.kipnis-immobilien.de\/en\/wp-json\/wp\/v2\/media?parent=6268"}],"curies":[{"name":"wp","href":"https:\/\/api.w.org\/{rel}","templated":true}]}}